{"id":802,"date":"2025-11-17T18:54:54","date_gmt":"2025-11-17T18:54:54","guid":{"rendered":"https:\/\/entredeuxmailles.com\/?page_id=802"},"modified":"2025-11-29T22:10:17","modified_gmt":"2025-11-30T03:10:17","slug":"notre-histoire","status":"publish","type":"page","link":"https:\/\/entredeuxmailles.com\/index.php\/notre-histoire\/","title":{"rendered":"Notre histoire"},"content":{"rendered":"\n<p>Avant, j\u2019\u00e9tais comptable professionnelle agr\u00e9\u00e9e, la t\u00eate dans les chiffres! Puis la vie m\u2019a fait prendre un tournant impr\u00e9vu\u2026 et je suis maintenant la cr\u00e9atrice derri\u00e8re <strong>Entre Deux Mailles<\/strong>.&nbsp;<\/p>\n\n\n\n<p>J\u2019ai d\u00e9couvert le crochet, il y a pr\u00e8s de trois ans, et ce qui \u00e9tait au d\u00e9part une simple curiosit\u00e9 est vite devenu une v\u00e9ritable passion. J\u2019adore cr\u00e9er des peluches uniques, faites \u00e0 la main avec amour et un grand souci du d\u00e9tail. Chaque cr\u00e9ation est pens\u00e9e pour apporter un peu de douceur et de joie \u00e0 ceux qui la re\u00e7oivent.<\/p>\n\n\n\n<p>Pourquoi <strong>Entre Deux Mailles<\/strong>? Eh bien !&nbsp; C\u2019est parce que, m\u00eame si le crochet reste mon refuge cr\u00e9atif, j\u2019aime aussi, <em>entre deux mailles<\/em>, cr\u00e9er des cadeaux personnalis\u00e9s \u2014 hoodies, t-shirts, sacs et plus encore \u2014 pour g\u00e2ter les gens qui me sont chers et rendre chaque moment du quotidien un peu plus sp\u00e9cial. \ud83d\udc9b<\/p>\n\n\n\n<p>\u00c0 travers <strong>Entre Deux Mailles<\/strong>, j\u2019esp\u00e8re partager avec vous un peu de chaleur, de cr\u00e9ativit\u00e9 et de bonheur, une maille \u00e0 la fois. \ud83d\udc9b<\/p>\n\n\n\n<figure class=\"wp-block-image size-large\"><img loading=\"lazy\" decoding=\"async\" width=\"1024\" height=\"205\" src=\"https:\/\/entredeuxmailles.com\/wp-content\/uploads\/2025\/11\/Genevieve-xx-1-1024x205.png\" alt=\"\" class=\"wp-image-1164\" srcset=\"https:\/\/entredeuxmailles.com\/wp-content\/uploads\/2025\/11\/Genevieve-xx-1-1024x205.png 1024w, https:\/\/entredeuxmailles.com\/wp-content\/uploads\/2025\/11\/Genevieve-xx-1-300x60.png 300w, https:\/\/entredeuxmailles.com\/wp-content\/uploads\/2025\/11\/Genevieve-xx-1-768x154.png 768w, https:\/\/entredeuxmailles.com\/wp-content\/uploads\/2025\/11\/Genevieve-xx-1-1536x307.png 1536w, https:\/\/entredeuxmailles.com\/wp-content\/uploads\/2025\/11\/Genevieve-xx-1-600x120.png 600w, https:\/\/entredeuxmailles.com\/wp-content\/uploads\/2025\/11\/Genevieve-xx-1.png 1560w\" sizes=\"auto, (max-width: 1024px) 100vw, 1024px\" \/><\/figure>\n\n\n\n<p><\/p>\n\n\n\n<p><\/p>\n","protected":false},"excerpt":{"rendered":"<p>Avant, j\u2019\u00e9tais comptable professionnelle agr\u00e9\u00e9e, la t\u00eate dans les chiffres! Puis la vie m\u2019a fait prendre un tournant impr\u00e9vu\u2026 et je suis maintenant la cr\u00e9atrice derri\u00e8re Entre Deux Mailles.&nbsp; J\u2019ai d\u00e9couvert le crochet, il y a pr\u00e8s de trois ans, et ce qui \u00e9tait au d\u00e9part une simple curiosit\u00e9 est vite devenu une v\u00e9ritable passion. [&hellip;]<\/p>\n","protected":false},"author":1,"featured_media":0,"parent":0,"menu_order":0,"comment_status":"closed","ping_status":"closed","template":"","meta":{"footnotes":""},"class_list":["post-802","page","type-page","status-publish","hentry"],"jetpack_sharing_enabled":true,"_links":{"self":[{"href":"https:\/\/entredeuxmailles.com\/index.php\/wp-json\/wp\/v2\/pages\/802","targetHints":{"allow":["GET"]}}],"collection":[{"href":"https:\/\/entredeuxmailles.com\/index.php\/wp-json\/wp\/v2\/pages"}],"about":[{"href":"https:\/\/entredeuxmailles.com\/index.php\/wp-json\/wp\/v2\/types\/page"}],"author":[{"embeddable":true,"href":"https:\/\/entredeuxmailles.com\/index.php\/wp-json\/wp\/v2\/users\/1"}],"replies":[{"embeddable":true,"href":"https:\/\/entredeuxmailles.com\/index.php\/wp-json\/wp\/v2\/comments?post=802"}],"version-history":[{"count":4,"href":"https:\/\/entredeuxmailles.com\/index.php\/wp-json\/wp\/v2\/pages\/802\/revisions"}],"predecessor-version":[{"id":1165,"href":"https:\/\/entredeuxmailles.com\/index.php\/wp-json\/wp\/v2\/pages\/802\/revisions\/1165"}],"wp:attachment":[{"href":"https:\/\/entredeuxmailles.com\/index.php\/wp-json\/wp\/v2\/media?parent=802"}],"curies":[{"name":"wp","href":"https:\/\/api.w.org\/{rel}","templated":true}]}}