{"id":810,"date":"2025-11-20T01:51:46","date_gmt":"2025-11-20T01:51:46","guid":{"rendered":"https:\/\/entredeuxmailles.com\/?page_id=810"},"modified":"2025-11-20T02:11:09","modified_gmt":"2025-11-20T02:11:09","slug":"frais-dexpedition","status":"publish","type":"page","link":"https:\/\/entredeuxmailles.com\/index.php\/frais-dexpedition\/","title":{"rendered":"Frais d&rsquo;exp\u00e9dition"},"content":{"rendered":"\n<p class=\"has-text-align-left\">Toutes vos commandes sont pr\u00e9par\u00e9es et exp\u00e9di\u00e9es depuis Pr\u00e9vost, des les Laurentides.<\/p>\n\n\n\n<p class=\"has-text-align-left\">Nous offrons la livraison partout au Qu\u00e9bec avec les plus grands fournisseurs de la province.<br><br>Les frais d\u2019exp\u00e9dition sont fixes et nos d\u00e9lais de livraison varient g\u00e9n\u00e9ralement entre&nbsp;<strong>2 et 6 jours ouvrables<\/strong>, selon la destination.<\/p>\n\n\n\n<p class=\"has-text-align-left\">Vous recevrez un num\u00e9ro de suivi d\u00e8s que votre colis est pr\u00eat \u00e0 l&rsquo;exp\u00e9dition.<\/p>\n\n\n\n<p class=\"has-text-align-left\"><\/p>\n\n\n\n<p><\/p>\n\n\n\n<p><\/p>\n","protected":false},"excerpt":{"rendered":"<p>Toutes vos commandes sont pr\u00e9par\u00e9es et exp\u00e9di\u00e9es depuis Pr\u00e9vost, des les Laurentides. Nous offrons la livraison partout au Qu\u00e9bec avec les plus grands fournisseurs de la province. Les frais d\u2019exp\u00e9dition sont fixes et nos d\u00e9lais de livraison varient g\u00e9n\u00e9ralement entre&nbsp;2 et 6 jours ouvrables, selon la destination. Vous recevrez un num\u00e9ro de suivi d\u00e8s que [&hellip;]<\/p>\n","protected":false},"author":1,"featured_media":0,"parent":0,"menu_order":0,"comment_status":"closed","ping_status":"closed","template":"","meta":{"footnotes":""},"class_list":["post-810","page","type-page","status-publish","hentry"],"jetpack_sharing_enabled":true,"_links":{"self":[{"href":"https:\/\/entredeuxmailles.com\/index.php\/wp-json\/wp\/v2\/pages\/810","targetHints":{"allow":["GET"]}}],"collection":[{"href":"https:\/\/entredeuxmailles.com\/index.php\/wp-json\/wp\/v2\/pages"}],"about":[{"href":"https:\/\/entredeuxmailles.com\/index.php\/wp-json\/wp\/v2\/types\/page"}],"author":[{"embeddable":true,"href":"https:\/\/entredeuxmailles.com\/index.php\/wp-json\/wp\/v2\/users\/1"}],"replies":[{"embeddable":true,"href":"https:\/\/entredeuxmailles.com\/index.php\/wp-json\/wp\/v2\/comments?post=810"}],"version-history":[{"count":3,"href":"https:\/\/entredeuxmailles.com\/index.php\/wp-json\/wp\/v2\/pages\/810\/revisions"}],"predecessor-version":[{"id":826,"href":"https:\/\/entredeuxmailles.com\/index.php\/wp-json\/wp\/v2\/pages\/810\/revisions\/826"}],"wp:attachment":[{"href":"https:\/\/entredeuxmailles.com\/index.php\/wp-json\/wp\/v2\/media?parent=810"}],"curies":[{"name":"wp","href":"https:\/\/api.w.org\/{rel}","templated":true}]}}