{"id":1093,"date":"2025-11-27T22:22:09","date_gmt":"2025-11-28T03:22:09","guid":{"rendered":"https:\/\/entredeuxmailles.com\/?post_type=product&#038;p=1093"},"modified":"2025-11-29T22:04:19","modified_gmt":"2025-11-30T03:04:19","slug":"le-petit-lutin-gros-nez-4","status":"publish","type":"product","link":"https:\/\/entredeuxmailles.com\/index.php\/product\/le-petit-lutin-gros-nez-4\/","title":{"rendered":"Le petit Lutin Gros Nez &#8211; Rouge et Vert"},"content":{"rendered":"","protected":false},"excerpt":{"rendered":"<div>\n<div>\n<p>Petit lutin avec un gros nez tout mignon et doux fait \u00e0 la main avec amour pour les tout-petits et les plus grands. S\u00fbr, doux pour la peau d\u00e9licate, il a un air humoristique avec son bonnet de No\u00ebl qui lui cache les yeux. Cette peluche est parfaite pour offrir en cadeau comme peluche \u00e0 c\u00e2liner ou comme d\u00e9coration de No\u00ebl pour donner un air festif \u00e0 votre foyer.<\/p>\n<\/div>\n<div>\n<p>Cette peluche est soigneusement crochet\u00e9e \u00e0 partir de fil chenille 100 % polyester et hypoallerg\u00e9nique.<\/p>\n<\/div>\n<div>\n<p>Disponible en plusieurs couleurs sur demande.<\/p>\n<\/div>\n<div>\n<p>Mat\u00e9riaux :<\/p>\n<\/div>\n<ul>\n<li>Fil chenille 100 % polyester adapt\u00e9 aux enfants et b\u00e9b\u00e9s<\/li>\n<li>Rembourrage en fibre de polyester hypoallerg\u00e9nique<\/li>\n<li>Yeux avec ancrage sp\u00e9ciaux pour une s\u00e9curit\u00e9 maximale<\/li>\n<\/ul>\n<div>\n<p>Dimensions :<\/p>\n<\/div>\n<ul>\n<li>Hauteur : 12 cm (5 po)<\/li>\n<li>Largeur : 7 cm (3 po)<\/li>\n<\/ul>\n<div>\n<p>Conseils d\u2019entretien :<\/p>\n<\/div>\n<ul>\n<li>Lavage \u00e0 la main uniquement<\/li>\n<li>S\u00e9chage \u00e0 l\u2019air libre<\/li>\n<\/ul>\n<div>\n<p>Patron utilis\u00e9 provient de : Easy Crochet Plushies<\/p>\n<\/div>\n<\/div>\n","protected":false},"featured_media":1148,"comment_status":"closed","ping_status":"closed","template":"","meta":[],"product_brand":[],"product_cat":[21,24,23],"product_tag":[],"class_list":{"0":"post-1093","1":"product","2":"type-product","3":"status-publish","4":"has-post-thumbnail","6":"product_cat-crochet","7":"product_cat-noel","8":"product_cat-peluches","10":"first","11":"instock","12":"shipping-taxable","13":"purchasable","14":"product-type-simple"},"jetpack_sharing_enabled":true,"_links":{"self":[{"href":"https:\/\/entredeuxmailles.com\/index.php\/wp-json\/wp\/v2\/product\/1093","targetHints":{"allow":["GET"]}}],"collection":[{"href":"https:\/\/entredeuxmailles.com\/index.php\/wp-json\/wp\/v2\/product"}],"about":[{"href":"https:\/\/entredeuxmailles.com\/index.php\/wp-json\/wp\/v2\/types\/product"}],"replies":[{"embeddable":true,"href":"https:\/\/entredeuxmailles.com\/index.php\/wp-json\/wp\/v2\/comments?post=1093"}],"wp:featuredmedia":[{"embeddable":true,"href":"https:\/\/entredeuxmailles.com\/index.php\/wp-json\/wp\/v2\/media\/1148"}],"wp:attachment":[{"href":"https:\/\/entredeuxmailles.com\/index.php\/wp-json\/wp\/v2\/media?parent=1093"}],"wp:term":[{"taxonomy":"product_brand","embeddable":true,"href":"https:\/\/entredeuxmailles.com\/index.php\/wp-json\/wp\/v2\/product_brand?post=1093"},{"taxonomy":"product_cat","embeddable":true,"href":"https:\/\/entredeuxmailles.com\/index.php\/wp-json\/wp\/v2\/product_cat?post=1093"},{"taxonomy":"product_tag","embeddable":true,"href":"https:\/\/entredeuxmailles.com\/index.php\/wp-json\/wp\/v2\/product_tag?post=1093"}],"curies":[{"name":"wp","href":"https:\/\/api.w.org\/{rel}","templated":true}]}}