{"id":1634,"date":"2026-01-26T14:40:51","date_gmt":"2026-01-26T19:40:51","guid":{"rendered":"https:\/\/entredeuxmailles.com\/?post_type=product&#038;p=1634"},"modified":"2026-02-17T22:45:45","modified_gmt":"2026-02-18T03:45:45","slug":"je-suis-ici-pour-le-coach-club-des-femmes-de-coach","status":"publish","type":"product","link":"https:\/\/entredeuxmailles.com\/index.php\/product\/je-suis-ici-pour-le-coach-club-des-femmes-de-coach\/","title":{"rendered":"JE SUIS ICI POUR LE COACH &#8211; Club des femmes de coach"},"content":{"rendered":"<p><a href=\"https:\/\/entredeuxmailles.com\/wp-content\/uploads\/2025\/11\/Charte-de-grandeurs-scaled.png\"><img loading=\"lazy\" decoding=\"async\" class=\"aligncenter wp-image-1237 size-large\" src=\"https:\/\/entredeuxmailles.com\/wp-content\/uploads\/2025\/11\/Charte-de-grandeurs-1024x768.png\" alt=\"\" width=\"1024\" height=\"768\" srcset=\"https:\/\/entredeuxmailles.com\/wp-content\/uploads\/2025\/11\/Charte-de-grandeurs-1024x768.png 1024w, https:\/\/entredeuxmailles.com\/wp-content\/uploads\/2025\/11\/Charte-de-grandeurs-300x225.png 300w, https:\/\/entredeuxmailles.com\/wp-content\/uploads\/2025\/11\/Charte-de-grandeurs-768x576.png 768w, https:\/\/entredeuxmailles.com\/wp-content\/uploads\/2025\/11\/Charte-de-grandeurs-1536x1152.png 1536w, https:\/\/entredeuxmailles.com\/wp-content\/uploads\/2025\/11\/Charte-de-grandeurs-2048x1536.png 2048w, https:\/\/entredeuxmailles.com\/wp-content\/uploads\/2025\/11\/Charte-de-grandeurs-600x450.png 600w\" sizes=\"auto, (max-width: 1024px) 100vw, 1024px\" \/><\/a><\/p>\n","protected":false},"excerpt":{"rendered":"<div>\n<div>\n<p>Confo \u00e0 souhait pis super original ! Convient pour tous les sports confondus.<\/p>\n<\/div>\n<div>\n<p>Chandail Unisexe<\/p>\n<\/div>\n<div>\n<p>50 % coton, 50 % polyester<\/p>\n<\/div>\n<div>\n<p>Imprim\u00e9 avec amour au Qu\u00e9bec.<\/p>\n<\/div>\n<div>\n<p>Conseils d\u2019entretien :<\/p>\n<\/div>\n<ul>\n<li>Laver \u00e0 l\u2019envers<\/li>\n<li>Lavage \u00e0 l\u2019eau froide seulement<\/li>\n<li>Suspendre pour s\u00e9cher<\/li>\n<li>Ne pas javeliser<\/li>\n<li>Ne pas repasser<\/li>\n<\/ul>\n<div>\n<p>\u00c9change\/Remboursement :<\/p>\n<\/div>\n<div>\n<p>Il est tr\u00e8s important de bien regarder la charte de grandeurs avant de commander car les chandails sont fabriqu\u00e9s sur commande. Donc, non remboursables ni \u00e9changeables, \u00e0 moins d\u2019un d\u00e9faut de fabrication de notre part.<\/p>\n<\/div>\n<\/div>\n","protected":false},"featured_media":2120,"comment_status":"closed","ping_status":"closed","template":"","meta":[],"product_brand":[],"product_cat":[56,55],"product_tag":[],"class_list":{"0":"post-1634","1":"product","2":"type-product","3":"status-publish","4":"has-post-thumbnail","6":"product_cat-hoodies","7":"product_cat-vetements","9":"first","10":"onbackorder","11":"shipping-taxable","12":"purchasable","13":"product-type-variable","14":"has-default-attributes"},"jetpack_sharing_enabled":true,"_links":{"self":[{"href":"https:\/\/entredeuxmailles.com\/index.php\/wp-json\/wp\/v2\/product\/1634","targetHints":{"allow":["GET"]}}],"collection":[{"href":"https:\/\/entredeuxmailles.com\/index.php\/wp-json\/wp\/v2\/product"}],"about":[{"href":"https:\/\/entredeuxmailles.com\/index.php\/wp-json\/wp\/v2\/types\/product"}],"replies":[{"embeddable":true,"href":"https:\/\/entredeuxmailles.com\/index.php\/wp-json\/wp\/v2\/comments?post=1634"}],"wp:featuredmedia":[{"embeddable":true,"href":"https:\/\/entredeuxmailles.com\/index.php\/wp-json\/wp\/v2\/media\/2120"}],"wp:attachment":[{"href":"https:\/\/entredeuxmailles.com\/index.php\/wp-json\/wp\/v2\/media?parent=1634"}],"wp:term":[{"taxonomy":"product_brand","embeddable":true,"href":"https:\/\/entredeuxmailles.com\/index.php\/wp-json\/wp\/v2\/product_brand?post=1634"},{"taxonomy":"product_cat","embeddable":true,"href":"https:\/\/entredeuxmailles.com\/index.php\/wp-json\/wp\/v2\/product_cat?post=1634"},{"taxonomy":"product_tag","embeddable":true,"href":"https:\/\/entredeuxmailles.com\/index.php\/wp-json\/wp\/v2\/product_tag?post=1634"}],"curies":[{"name":"wp","href":"https:\/\/api.w.org\/{rel}","templated":true}]}}