{"id":580,"date":"2025-11-04T17:56:38","date_gmt":"2025-11-04T17:56:38","guid":{"rendered":"https:\/\/entredeuxmailles.com\/index.php\/product\/coco-le-petit-coq-moelleux\/"},"modified":"2025-11-29T21:15:31","modified_gmt":"2025-11-30T02:15:31","slug":"coco-le-petit-coq-moelleux","status":"publish","type":"product","link":"https:\/\/entredeuxmailles.com\/index.php\/product\/coco-le-petit-coq-moelleux\/","title":{"rendered":"Coco &#8211; Le petit coq moelleux"},"content":{"rendered":"","protected":false},"excerpt":{"rendered":"<div>\n<div>\n<p>Petit coq tout doux et au corps moelleux fait \u00e0 la main avec amour pour les b\u00e9b\u00e9s, les tout-petits ou les plus grands. S\u00fbr, doux pour la peau d\u00e9licate, parfait pour une baby shower, un premier anniversaire, une d\u00e9coration de chambre d&rsquo;enfant ou comme souvenir significatif.<\/p>\n<p>Cette peluche est soigneusement crochet\u00e9e \u00e0 partir de fil chenille 100 % polyester et hypoallerg\u00e9nique. Sa texture douce et moelleuse offre du confort aux petites mains et peut devenir un premier jouet bien-aim\u00e9.<\/p>\n<\/div>\n<div>\n<p>Mat\u00e9riaux :<\/p>\n<\/div>\n<ul>\n<li>Fil chenille 100 % polyester adapt\u00e9 aux enfants et b\u00e9b\u00e9s<\/li>\n<li>Rembourrage en fibre de polyester hypoallerg\u00e9nique<\/li>\n<li>Rembourage de granul\u00e9s en poly\u00e9thyl\u00e8ne sans colorants, ni pigments et enti\u00e8rement non toxique,<\/li>\n<li>Yeux avec ancrage sp\u00e9ciaux pour une s\u00e9curit\u00e9 maximale<\/li>\n<\/ul>\n<div>\n<p>Dimensions :<\/p>\n<\/div>\n<ul>\n<li>Hauteur : 15 cm (6 po)<\/li>\n<li>Largeur : 13 cm (5 po)<\/li>\n<\/ul>\n<div>\n<p>Conseils d\u2019entretien :<\/p>\n<\/div>\n<ul>\n<li>Lavage \u00e0 la main uniquement<\/li>\n<li>S\u00e9chage \u00e0 l\u2019air libre<\/li>\n<\/ul>\n<div>\n<p>Patron utilis\u00e9 provient de : All from Jade<\/p>\n<\/div>\n<\/div>\n","protected":false},"featured_media":875,"comment_status":"open","ping_status":"closed","template":"","meta":[],"product_brand":[],"product_cat":[36,21,23],"product_tag":[],"class_list":{"0":"post-580","1":"product","2":"type-product","3":"status-publish","4":"has-post-thumbnail","6":"product_cat-amigurumi","7":"product_cat-crochet","8":"product_cat-peluches","10":"first","11":"instock","12":"shipping-taxable","13":"purchasable","14":"product-type-simple"},"jetpack_sharing_enabled":true,"_links":{"self":[{"href":"https:\/\/entredeuxmailles.com\/index.php\/wp-json\/wp\/v2\/product\/580","targetHints":{"allow":["GET"]}}],"collection":[{"href":"https:\/\/entredeuxmailles.com\/index.php\/wp-json\/wp\/v2\/product"}],"about":[{"href":"https:\/\/entredeuxmailles.com\/index.php\/wp-json\/wp\/v2\/types\/product"}],"replies":[{"embeddable":true,"href":"https:\/\/entredeuxmailles.com\/index.php\/wp-json\/wp\/v2\/comments?post=580"}],"wp:featuredmedia":[{"embeddable":true,"href":"https:\/\/entredeuxmailles.com\/index.php\/wp-json\/wp\/v2\/media\/875"}],"wp:attachment":[{"href":"https:\/\/entredeuxmailles.com\/index.php\/wp-json\/wp\/v2\/media?parent=580"}],"wp:term":[{"taxonomy":"product_brand","embeddable":true,"href":"https:\/\/entredeuxmailles.com\/index.php\/wp-json\/wp\/v2\/product_brand?post=580"},{"taxonomy":"product_cat","embeddable":true,"href":"https:\/\/entredeuxmailles.com\/index.php\/wp-json\/wp\/v2\/product_cat?post=580"},{"taxonomy":"product_tag","embeddable":true,"href":"https:\/\/entredeuxmailles.com\/index.php\/wp-json\/wp\/v2\/product_tag?post=580"}],"curies":[{"name":"wp","href":"https:\/\/api.w.org\/{rel}","templated":true}]}}