{"id":601,"date":"2025-11-04T17:56:49","date_gmt":"2025-11-04T17:56:49","guid":{"rendered":"https:\/\/entredeuxmailles.com\/index.php\/product\/cora-la-chenille-geante\/"},"modified":"2025-11-29T21:15:33","modified_gmt":"2025-11-30T02:15:33","slug":"cora-la-chenille-geante","status":"publish","type":"product","link":"https:\/\/entredeuxmailles.com\/index.php\/product\/cora-la-chenille-geante\/","title":{"rendered":"Cora &#8211; La chenille g\u00e9ante"},"content":{"rendered":"","protected":false},"excerpt":{"rendered":"<div>\n<div>\n<p>Cette grande peluche chenille aux couleurs pastelles est aussi mignonne et que douce faite \u00e0 la main avec amour pour les tout-petits et les plus grands. Cette chenille peut servir de d\u00e9coration dans une chambre d\u2019enfants ou simplement pour c\u00e2liner.<\/p>\n<p>Cette peluche est soigneusement crochet\u00e9e \u00e0 partir de fil de chenille mince 100 % polyester et hypoallerg\u00e9nique.<\/p>\n<\/div>\n<div>\n<p>Mat\u00e9riaux :<\/p>\n<\/div>\n<ul>\n<li>Fil chenille 100 % polyester adapt\u00e9 aux enfants et b\u00e9b\u00e9s<\/li>\n<li>Yeux avec ancrage sp\u00e9ciaux pour une s\u00e9curit\u00e9 maximale<\/li>\n<\/ul>\n<div>\n<p>Dimensions :<\/p>\n<\/div>\n<ul>\n<li>Hauteur : 13 cm (5 po)<\/li>\n<li>Longueur : 54 cm (21 po)<\/li>\n<\/ul>\n<div>\n<p>Conseils d\u2019entretien :<\/p>\n<\/div>\n<ul>\n<li>Lavage \u00e0 la main uniquement<\/li>\n<li>S\u00e9chage \u00e0 l\u2019air libre<\/li>\n<\/ul>\n<div>\n<p>Patron utilis\u00e9 provient de : All from Jade<\/p>\n<\/div>\n<\/div>\n","protected":false},"featured_media":897,"comment_status":"open","ping_status":"closed","template":"","meta":[],"product_brand":[],"product_cat":[36,21,23],"product_tag":[],"class_list":{"0":"post-601","1":"product","2":"type-product","3":"status-publish","4":"has-post-thumbnail","6":"product_cat-amigurumi","7":"product_cat-crochet","8":"product_cat-peluches","10":"first","11":"onbackorder","12":"shipping-taxable","13":"purchasable","14":"product-type-simple"},"jetpack_sharing_enabled":true,"_links":{"self":[{"href":"https:\/\/entredeuxmailles.com\/index.php\/wp-json\/wp\/v2\/product\/601","targetHints":{"allow":["GET"]}}],"collection":[{"href":"https:\/\/entredeuxmailles.com\/index.php\/wp-json\/wp\/v2\/product"}],"about":[{"href":"https:\/\/entredeuxmailles.com\/index.php\/wp-json\/wp\/v2\/types\/product"}],"replies":[{"embeddable":true,"href":"https:\/\/entredeuxmailles.com\/index.php\/wp-json\/wp\/v2\/comments?post=601"}],"wp:featuredmedia":[{"embeddable":true,"href":"https:\/\/entredeuxmailles.com\/index.php\/wp-json\/wp\/v2\/media\/897"}],"wp:attachment":[{"href":"https:\/\/entredeuxmailles.com\/index.php\/wp-json\/wp\/v2\/media?parent=601"}],"wp:term":[{"taxonomy":"product_brand","embeddable":true,"href":"https:\/\/entredeuxmailles.com\/index.php\/wp-json\/wp\/v2\/product_brand?post=601"},{"taxonomy":"product_cat","embeddable":true,"href":"https:\/\/entredeuxmailles.com\/index.php\/wp-json\/wp\/v2\/product_cat?post=601"},{"taxonomy":"product_tag","embeddable":true,"href":"https:\/\/entredeuxmailles.com\/index.php\/wp-json\/wp\/v2\/product_tag?post=601"}],"curies":[{"name":"wp","href":"https:\/\/api.w.org\/{rel}","templated":true}]}}