{"id":626,"date":"2025-11-04T17:57:03","date_gmt":"2025-11-04T17:57:03","guid":{"rendered":"https:\/\/entredeuxmailles.com\/index.php\/product\/le-petit-ourson-de-noel-bleu-pale\/"},"modified":"2025-11-29T21:15:35","modified_gmt":"2025-11-30T02:15:35","slug":"le-petit-ourson-de-noel-bleu-pale","status":"publish","type":"product","link":"https:\/\/entredeuxmailles.com\/index.php\/product\/le-petit-ourson-de-noel-bleu-pale\/","title":{"rendered":"Le Petit Ourson de No\u00ebl (Bleu p\u00e2le)"},"content":{"rendered":"","protected":false},"excerpt":{"rendered":"<div>\n<div>\n<p>Petit ourson de No\u00ebl tout mignon et doux fait \u00e0 la main avec amour pour les tout-petits et les plus grands. S\u00fbr, doux pour la peau d\u00e9licate, parfait pour offrir en cadeau comme peluche \u00e0 c\u00e2liner ou comme d\u00e9coration de No\u00ebl \u00e0 suspendre dans votre sapin ou pour \u00e9gayer votre demeure.<\/p>\n<\/div>\n<div>\n<p>Cette peluche est soigneusement crochet\u00e9e \u00e0 partir de fil chenille 100 % polyester et hypoallerg\u00e9nique.<\/p>\n<\/div>\n<div>\n<p>Disponible en plusieurs couleurs sur demande.<\/p>\n<\/div>\n<div>\n<p>Mat\u00e9riaux :<\/p>\n<\/div>\n<ul>\n<li>Fil chenille 100 % polyester adapt\u00e9 aux enfants et b\u00e9b\u00e9s<\/li>\n<li>Rembourrage en fibre de polyester hypoallerg\u00e9nique<\/li>\n<li>Yeux avec ancrage sp\u00e9ciaux pour une s\u00e9curit\u00e9 maximale<\/li>\n<\/ul>\n<div>\n<p>Dimensions :<\/p>\n<\/div>\n<ul>\n<li>Hauteur : 12 cm (5 po)<\/li>\n<li>Largeur : 10 cm (4 po)<\/li>\n<\/ul>\n<div>\n<p>Conseils d\u2019entretien :<\/p>\n<\/div>\n<ul>\n<li>Lavage \u00e0 la main uniquement<\/li>\n<li>S\u00e9chage \u00e0 l\u2019air libre<\/li>\n<\/ul>\n<div>\n<p>Patron utilis\u00e9 provient de : PurelyWorks<\/p>\n<\/div>\n<\/div>\n","protected":false},"featured_media":931,"comment_status":"open","ping_status":"closed","template":"","meta":[],"product_brand":[],"product_cat":[21,24,23],"product_tag":[],"class_list":{"0":"post-626","1":"product","2":"type-product","3":"status-publish","4":"has-post-thumbnail","6":"product_cat-crochet","7":"product_cat-noel","8":"product_cat-peluches","10":"first","11":"instock","12":"shipping-taxable","13":"purchasable","14":"product-type-simple"},"jetpack_sharing_enabled":true,"_links":{"self":[{"href":"https:\/\/entredeuxmailles.com\/index.php\/wp-json\/wp\/v2\/product\/626","targetHints":{"allow":["GET"]}}],"collection":[{"href":"https:\/\/entredeuxmailles.com\/index.php\/wp-json\/wp\/v2\/product"}],"about":[{"href":"https:\/\/entredeuxmailles.com\/index.php\/wp-json\/wp\/v2\/types\/product"}],"replies":[{"embeddable":true,"href":"https:\/\/entredeuxmailles.com\/index.php\/wp-json\/wp\/v2\/comments?post=626"}],"wp:featuredmedia":[{"embeddable":true,"href":"https:\/\/entredeuxmailles.com\/index.php\/wp-json\/wp\/v2\/media\/931"}],"wp:attachment":[{"href":"https:\/\/entredeuxmailles.com\/index.php\/wp-json\/wp\/v2\/media?parent=626"}],"wp:term":[{"taxonomy":"product_brand","embeddable":true,"href":"https:\/\/entredeuxmailles.com\/index.php\/wp-json\/wp\/v2\/product_brand?post=626"},{"taxonomy":"product_cat","embeddable":true,"href":"https:\/\/entredeuxmailles.com\/index.php\/wp-json\/wp\/v2\/product_cat?post=626"},{"taxonomy":"product_tag","embeddable":true,"href":"https:\/\/entredeuxmailles.com\/index.php\/wp-json\/wp\/v2\/product_tag?post=626"}],"curies":[{"name":"wp","href":"https:\/\/api.w.org\/{rel}","templated":true}]}}