{"id":638,"date":"2025-11-04T17:57:10","date_gmt":"2025-11-04T17:57:10","guid":{"rendered":"https:\/\/entredeuxmailles.com\/index.php\/product\/chapeau-de-noel\/"},"modified":"2025-11-29T21:15:37","modified_gmt":"2025-11-30T02:15:37","slug":"chapeau-de-noel","status":"publish","type":"product","link":"https:\/\/entredeuxmailles.com\/index.php\/product\/chapeau-de-noel\/","title":{"rendered":"Chapeau de No\u00ebl"},"content":{"rendered":"","protected":false},"excerpt":{"rendered":"<div>\n<div>\n<p>Petit chapeau de No\u00ebl tout doux fait \u00e0 la main avec amour donne un petit c\u00f4t\u00e9 festif \u00e0 votre d\u00e9cor! Il est parfait pour offrir en cadeau comme d\u00e9coration de No\u00ebl.<\/p>\n<p>Cette peluche est soigneusement crochet\u00e9e \u00e0 partir de fil chenille 100 % polyester et hypoallerg\u00e9nique.<\/p>\n<\/div>\n<div>\n<p>Mat\u00e9riaux :<\/p>\n<\/div>\n<ul>\n<li>Fil chenille 100 % polyester adapt\u00e9 aux enfants et b\u00e9b\u00e9s<\/li>\n<\/ul>\n<div>\n<p>Dimensions :<\/p>\n<\/div>\n<ul>\n<li>Hauteur : 14 cm (6 po)<\/li>\n<li>Largeur : 10 cm (4 po)<\/li>\n<\/ul>\n<div>\n<p>Conseils d\u2019entretien :<\/p>\n<\/div>\n<ul>\n<li>Lavage \u00e0 la main uniquement<\/li>\n<li>S\u00e9chage \u00e0 l\u2019air libre<\/li>\n<\/ul>\n<div>\n<p>Patron utilis\u00e9 provient de : PurelyWorks (chapeau du P\u00e8re No\u00ebl)<\/p>\n<\/div>\n<\/div>\n","protected":false},"featured_media":944,"comment_status":"open","ping_status":"closed","template":"","meta":[],"product_brand":[],"product_cat":[21,24,23],"product_tag":[],"class_list":{"0":"post-638","1":"product","2":"type-product","3":"status-publish","4":"has-post-thumbnail","6":"product_cat-crochet","7":"product_cat-noel","8":"product_cat-peluches","10":"first","11":"instock","12":"shipping-taxable","13":"purchasable","14":"product-type-simple"},"jetpack_sharing_enabled":true,"_links":{"self":[{"href":"https:\/\/entredeuxmailles.com\/index.php\/wp-json\/wp\/v2\/product\/638","targetHints":{"allow":["GET"]}}],"collection":[{"href":"https:\/\/entredeuxmailles.com\/index.php\/wp-json\/wp\/v2\/product"}],"about":[{"href":"https:\/\/entredeuxmailles.com\/index.php\/wp-json\/wp\/v2\/types\/product"}],"replies":[{"embeddable":true,"href":"https:\/\/entredeuxmailles.com\/index.php\/wp-json\/wp\/v2\/comments?post=638"}],"wp:featuredmedia":[{"embeddable":true,"href":"https:\/\/entredeuxmailles.com\/index.php\/wp-json\/wp\/v2\/media\/944"}],"wp:attachment":[{"href":"https:\/\/entredeuxmailles.com\/index.php\/wp-json\/wp\/v2\/media?parent=638"}],"wp:term":[{"taxonomy":"product_brand","embeddable":true,"href":"https:\/\/entredeuxmailles.com\/index.php\/wp-json\/wp\/v2\/product_brand?post=638"},{"taxonomy":"product_cat","embeddable":true,"href":"https:\/\/entredeuxmailles.com\/index.php\/wp-json\/wp\/v2\/product_cat?post=638"},{"taxonomy":"product_tag","embeddable":true,"href":"https:\/\/entredeuxmailles.com\/index.php\/wp-json\/wp\/v2\/product_tag?post=638"}],"curies":[{"name":"wp","href":"https:\/\/api.w.org\/{rel}","templated":true}]}}